{"id":53,"date":"2021-12-14T08:35:16","date_gmt":"2021-12-14T08:35:16","guid":{"rendered":"https:\/\/naturalrealfood.com\/?page_id=53"},"modified":"2026-02-10T14:58:12","modified_gmt":"2026-02-10T14:58:12","slug":"principal","status":"publish","type":"page","link":"https:\/\/naturalrealfood.com\/","title":{"rendered":"principal"},"content":{"rendered":"<p>[et_pb_section fb_built=\u00bb1&#8243; _builder_version=\u00bb4.14.2&#8243; _module_preset=\u00bbdefault\u00bb global_colors_info=\u00bb{}\u00bb][et_pb_row _builder_version=\u00bb4.14.2&#8243; _module_preset=\u00bbdefault\u00bb custom_margin=\u00bb0px||0px||true|true\u00bb custom_padding=\u00bb0px||0px||true|true\u00bb global_colors_info=\u00bb{}\u00bb][et_pb_column type=\u00bb4_4&#8243; _builder_version=\u00bb4.14.2&#8243; _module_preset=\u00bbdefault\u00bb global_colors_info=\u00bb{}\u00bb][et_pb_image src=\u00bbhttp:\/\/naturalrealfood.com\/wp-content\/uploads\/2021\/12\/logo-150&#215;150-1.png\u00bb title_text=\u00bblogo-150&#215;150&#8243; align=\u00bbcenter\u00bb _builder_version=\u00bb4.14.2&#8243; _module_preset=\u00bbdefault\u00bb global_colors_info=\u00bb{}\u00bb][\/et_pb_image][\/et_pb_column][\/et_pb_row][et_pb_row _builder_version=\u00bb4.14.2&#8243; _module_preset=\u00bbdefault\u00bb custom_margin=\u00bb||||false|false\u00bb global_colors_info=\u00bb{}\u00bb][et_pb_column type=\u00bb4_4&#8243; _builder_version=\u00bb4.14.2&#8243; _module_preset=\u00bbdefault\u00bb global_colors_info=\u00bb{}\u00bb][et_pb_slider show_pagination=\u00bboff\u00bb use_bg_overlay=\u00bbon\u00bb use_text_overlay=\u00bboff\u00bb _builder_version=\u00bb4.14.2&#8243; _module_preset=\u00bbdefault\u00bb header_font=\u00bbMerriweather||||||||\u00bb body_font=\u00bbMontserrat||||||||\u00bb global_colors_info=\u00bb{}\u00bb][et_pb_slide heading=\u00bbReal Food\u00bb use_bg_overlay=\u00bbon\u00bb _builder_version=\u00bb4.14.2&#8243; _module_preset=\u00bbdefault\u00bb background_image=\u00bbhttp:\/\/naturalrealfood.com\/wp-content\/uploads\/2023\/03\/natural-12-scaled.jpg\u00bb background_enable_image=\u00bbon\u00bb global_colors_info=\u00bb{}\u00bb sticky_transition=\u00bbon\u00bb]<\/p>\n<p><strong>Elaboramos nuestra carta con alimentos reales, sin aditivos, aut\u00f3ctonos y de temporada, para aprovechar al m\u00e1ximo su potencial.<\/strong><\/p>\n<p>[\/et_pb_slide][et_pb_slide heading=\u00bbConecta con tu desayuno\u00bb use_bg_overlay=\u00bbon\u00bb _builder_version=\u00bb4.14.2&#8243; _module_preset=\u00bbdefault\u00bb background_image=\u00bbhttp:\/\/naturalrealfood.com\/wp-content\/uploads\/2023\/03\/natural-11-scaled.jpg\u00bb background_enable_image=\u00bbon\u00bb global_colors_info=\u00bb{}\u00bb sticky_transition=\u00bbon\u00bb]<\/p>\n<p><strong>Prueba uno de los mejores desayunos de Alicante, de forma saludable y divertida.<\/strong><\/p>\n<p>[\/et_pb_slide][et_pb_slide heading=\u00bbBrunch day\u00bb use_bg_overlay=\u00bbon\u00bb _builder_version=\u00bb4.14.2&#8243; _module_preset=\u00bbdefault\u00bb background_image=\u00bbhttp:\/\/naturalrealfood.com\/wp-content\/uploads\/2023\/03\/natural-10-scaled.jpg\u00bb background_enable_image=\u00bbon\u00bb global_colors_info=\u00bb{}\u00bb sticky_transition=\u00bbon\u00bb]<\/p>\n<h4>Elaboramos dulces real food cada d\u00eda y sin gluten<\/h4>\n<p>[\/et_pb_slide][\/et_pb_slider][\/et_pb_column][\/et_pb_row][et_pb_row module_id=\u00bbreserva\u00bb _builder_version=\u00bb4.14.2&#8243; _module_preset=\u00bbdefault\u00bb global_colors_info=\u00bb{}\u00bb][et_pb_column type=\u00bb4_4&#8243; _builder_version=\u00bb4.14.2&#8243; _module_preset=\u00bbdefault\u00bb global_colors_info=\u00bb{}\u00bb][et_pb_code _builder_version=\u00bb4.14.2&#8243; _module_preset=\u00bbdefault\u00bb global_colors_info=\u00bb{}\u00bb]\n\t<script type=\"text\/javascript\">\n        var ajaxurl = 'https:\/\/naturalrealfood.com\/wp-admin\/admin-ajax.php';\n    <\/script>\n\n    <style>#rtb-time_root .picker__list .picker__list-item.picker__list-item--disabled { display: none; }<\/style>\n    \n<div class=\"rtb-booking-form\">\n\t\n\t\t\t<div class=\"rtb-modification-toggle\">\u00bfQuieres modificar tu reserva?<\/div>\n\t\t<div class=\"rtb-clear\"><\/div>\n\t\t<form class=\"rtb-modification-form rtb-hidden\">\n\t\t\t<div>Usa el formulario de abajo para modificar tu reserva<\/div>\n\t\t\t<label for=\"rtb-modification-email\">Correo electr\u00f3nico: <\/label>\n\t\t\t<input type=\"email\" name=\"rtb_modification_email\" \/>\n\t\t\t<div class=\"rtb-clear\"><\/div>\n\t\t\t<div class=\"rtb-find-reservation-button\">Mostrar mis reservas<\/div>\n\t\t\t<div class=\"rtb-clear\"><\/div>\n\t\t\t<div class=\"rtb-bookings-results\"><\/div>\n\t\t<\/form>\n\t\n\t<form method=\"POST\" action=\"\" class=\"rtb-booking-form-form\">\n\t\t<input type=\"hidden\" name=\"action\" value=\"booking_request\">\n\n\t\t\n\t\t\n\t\t\t\t<fieldset class=\"reservation\">\n\n\t\t\t\t\t\t<legend >\n\t\t\t\tReservar Mesa\t\t\t<\/legend>\n\t\t\t\n\t\t\t\n\t<div class=\"rtb-text date\">\n\t\t\t\t<label for=\"rtb-date\">\n\t\t\tFecha\t\t<\/label>\n\t\t<input type=\"text\" name=\"rtb-date\" id=\"rtb-date\" value=\"\" required aria-required=\"true\">\n\t<\/div>\n\n\t\n\t<div class=\"rtb-text time\">\n\t\t\t\t<label for=\"rtb-time\">\n\t\t\tHora\t\t<\/label>\n\t\t<input type=\"text\" name=\"rtb-time\" id=\"rtb-time\" value=\"\" required aria-required=\"true\">\n\t<\/div>\n\n\t\n\t<div class=\"rtb-select party\">\n\t\t\t\t<label for=\"rtb-party\">\n\t\t\tComensales\t\t<\/label>\n\t\t<select name=\"rtb-party\" id=\"rtb-party\" required aria-required=\"true\" >\n\t\t\t\t\t\t\t\t\t<option value=\"1\" >1<\/option>\n\t\t\t\t\t\t<option value=\"2\" >2<\/option>\n\t\t\t\t\t\t<option value=\"3\" >3<\/option>\n\t\t\t\t\t\t<option value=\"4\" >4<\/option>\n\t\t\t\t\t\t<option value=\"5\" >5<\/option>\n\t\t\t\t\t\t<option value=\"6\" >6<\/option>\n\t\t\t\t\t\t<option value=\"7\" >7<\/option>\n\t\t\t\t\t\t<option value=\"8\" >8<\/option>\n\t\t\t\t\t<\/select>\n\t<\/div>\n\n\t\t\t<\/fieldset>\n\t\t\t\t<fieldset class=\"rtb-contact\">\n\n\t\t\t\t\t\t<legend >\n\t\t\t\tDatos de Contacto\t\t\t<\/legend>\n\t\t\t\n\t\t\t\n\t<div class=\"rtb-text name\">\n\t\t\t\t<label for=\"rtb-name\">\n\t\t\tNombre\t\t<\/label>\n\t\t<input type=\"text\" name=\"rtb-name\" id=\"rtb-name\" value=\"\" required aria-required=\"true\">\n\t<\/div>\n\n\t\n\t<div class=\"rtb-text email\">\n\t\t\t\t<label for=\"rtb-email\">\n\t\t\tCorreo electr\u00f3nico\t\t<\/label>\n\t\t<input type=\"email\" name=\"rtb-email\" id=\"rtb-email\" value=\"\" required aria-required=\"true\">\n\t<\/div>\n\n\t\n\t<div class=\"rtb-text phone\">\n\t\t\t\t<label for=\"rtb-phone\">\n\t\t\tTel\u00e9fono\t\t<\/label>\n\t\t<input type=\"tel\" name=\"rtb-phone\" id=\"rtb-phone\" value=\"\">\n\t<\/div>\n\n\t\n\t<div class=\"add-message\">\n\t\t<a href=\"#\">\n\t\t\tPULSE AQU\u00cd PARA A\u00d1ADIR UN MENSAJE U OBSERVACI\u00d3N\t\t<\/a>\n\t<\/div>\n\n\t\n\t<div class=\"rtb-textarea message\">\n\t\t\t\t<label for=\"rtb-message\">\n\t\t\tMensaje para a\u00f1adir a tu reserva\t\t<\/label>\n\t\t<textarea name=\"rtb-message\" id=\"rtb-message\"><\/textarea>\n\t<\/div>\n\n\t\t\t<\/fieldset>\n\t\t\n\t\t\n\t\t<fieldset class=\"rtb-form-footer\">\n\t\t\t<div id='rtb_recaptcha'><\/div>\n\t\t\t\n\t\t\t<div class=\"rtb-form-submit\"><button type=\"submit\">Solicitar Reserva<\/button><\/div>\t\t<\/fieldset>\n\n\n\t<\/form>\n\t<\/div>\n\n\t[\/et_pb_code][et_pb_text _builder_version=\u00bb4.14.2&#8243; _module_preset=\u00bbdefault\u00bb background_color=\u00bb#d3d2d2&#8243; global_colors_info=\u00bb{}\u00bb]<\/p>\n<h4 style=\"text-align: center;\"><\/h4>\n<h4 style=\"text-align: center;\"><strong>EN CASO DE NO RECIBIR EMAIL DE CONFIRMACI\u00d3N, REVISE SU BANDEJA DE SPAM<\/strong><\/h4>\n<h4 style=\"text-align: center;\">Una vez solicitada su reserva,<\/h4>\n<h4 style=\"text-align: center;\">recibir\u00e1 un email con el estado de la misma.<\/h4>\n<h4 style=\"text-align: center;\">Por favor revise su email y\u00a0le\u00a0contestaremos<\/h4>\n<h4 style=\"text-align: center;\">tan pronto como nos sea posible.<\/h4>\n<p>[\/et_pb_text][\/et_pb_column][\/et_pb_row][et_pb_row _builder_version=\u00bb4.14.2&#8243; _module_preset=\u00bbdefault\u00bb min_height=\u00bb715px\u00bb custom_padding=\u00bb||27px|||\u00bb global_colors_info=\u00bb{}\u00bb][et_pb_column type=\u00bb4_4&#8243; _builder_version=\u00bb4.14.2&#8243; _module_preset=\u00bbdefault\u00bb global_colors_info=\u00bb{}\u00bb][et_pb_gallery gallery_ids=\u00bb1322,1321,1326,1325,1323,1324,1327,1320&#8243; posts_number=\u00bb8&#8243; orientation=\u00bbportrait\u00bb show_title_and_caption=\u00bboff\u00bb show_pagination=\u00bboff\u00bb _builder_version=\u00bb4.14.2&#8243; _module_preset=\u00bbdefault\u00bb global_colors_info=\u00bb{}\u00bb][\/et_pb_gallery][\/et_pb_column][\/et_pb_row][et_pb_row _builder_version=\u00bb4.14.2&#8243; _module_preset=\u00bbdefault\u00bb global_colors_info=\u00bb{}\u00bb][et_pb_column type=\u00bb4_4&#8243; _builder_version=\u00bb4.14.2&#8243; _module_preset=\u00bbdefault\u00bb global_colors_info=\u00bb{}\u00bb][et_pb_text _builder_version=\u00bb4.14.2&#8243; _module_preset=\u00bbdefault\u00bb global_colors_info=\u00bb{}\u00bb]<\/p>\n<h1 style=\"text-align: center;\">NUESTRAS CARTAS \/ OUR MENUS<\/h1>\n<p>[\/et_pb_text][\/et_pb_column][\/et_pb_row][et_pb_row column_structure=\u00bb1_4,1_4,1_4,1_4&#8243; _builder_version=\u00bb4.14.2&#8243; _module_preset=\u00bbdefault\u00bb global_colors_info=\u00bb{}\u00bb][et_pb_column type=\u00bb1_4&#8243; _builder_version=\u00bb4.14.2&#8243; _module_preset=\u00bbdefault\u00bb global_colors_info=\u00bb{}\u00bb][et_pb_image src=\u00bbhttp:\/\/naturalrealfood.com\/wp-content\/uploads\/2024\/07\/Mesa-de-trabajo-31-copia@0.5x-100.jpg\u00bb title_text=\u00bbMesa de trabajo 31 copia@0.5x-100&#8243; url=\u00bbhttp:\/\/naturalrealfood.com\/wp-content\/uploads\/2025\/06\/DESAYUNOS-ESP-2025.pdf\u00bb url_new_window=\u00bbon\u00bb _builder_version=\u00bb4.14.2&#8243; _module_preset=\u00bbdefault\u00bb global_colors_info=\u00bb{}\u00bb][\/et_pb_image][\/et_pb_column][et_pb_column type=\u00bb1_4&#8243; _builder_version=\u00bb4.14.2&#8243; _module_preset=\u00bbdefault\u00bb global_colors_info=\u00bb{}\u00bb][et_pb_image src=\u00bbhttp:\/\/naturalrealfood.com\/wp-content\/uploads\/2024\/07\/Mesa-de-trabajo-31-copia-3@0.5x-100.jpg\u00bb title_text=\u00bbMesa de trabajo 31 copia 3@0.5x-100&#8243; url=\u00bbhttp:\/\/naturalrealfood.com\/wp-content\/uploads\/2025\/06\/TAPA-TAPITA-PICOTEO-ESP-2025.pdf\u00bb url_new_window=\u00bbon\u00bb _builder_version=\u00bb4.14.2&#8243; _module_preset=\u00bbdefault\u00bb global_colors_info=\u00bb{}\u00bb][\/et_pb_image][\/et_pb_column][et_pb_column type=\u00bb1_4&#8243; _builder_version=\u00bb4.14.2&#8243; _module_preset=\u00bbdefault\u00bb global_colors_info=\u00bb{}\u00bb][et_pb_image src=\u00bbhttp:\/\/naturalrealfood.com\/wp-content\/uploads\/2024\/07\/Mesa-de-trabajo-31@0.5x-100.jpg\u00bb title_text=\u00bbMesa de trabajo 31@0.5x-100&#8243; url=\u00bbhttp:\/\/naturalrealfood.com\/wp-content\/uploads\/2025\/06\/DESAYUNOS-ENG-2025.pdf\u00bb url_new_window=\u00bbon\u00bb _builder_version=\u00bb4.14.2&#8243; _module_preset=\u00bbdefault\u00bb global_colors_info=\u00bb{}\u00bb][\/et_pb_image][\/et_pb_column][et_pb_column type=\u00bb1_4&#8243; _builder_version=\u00bb4.14.2&#8243; _module_preset=\u00bbdefault\u00bb global_colors_info=\u00bb{}\u00bb][et_pb_image src=\u00bbhttp:\/\/naturalrealfood.com\/wp-content\/uploads\/2024\/07\/Mesa-de-trabajo-31-copia-2@0.5x-100.jpg\u00bb title_text=\u00bbMesa de trabajo 31 copia 2@0.5x-100&#8243; url=\u00bbhttp:\/\/naturalrealfood.com\/wp-content\/uploads\/2025\/07\/TAPA-TAPITA-PICOTEO-ENG-2025.pdf\u00bb url_new_window=\u00bbon\u00bb _builder_version=\u00bb4.14.2&#8243; _module_preset=\u00bbdefault\u00bb global_colors_info=\u00bb{}\u00bb][\/et_pb_image][\/et_pb_column][\/et_pb_row][et_pb_row column_structure=\u00bb1_4,1_4,1_4,1_4&#8243; _builder_version=\u00bb4.14.2&#8243; _module_preset=\u00bbdefault\u00bb global_colors_info=\u00bb{}\u00bb][et_pb_column type=\u00bb1_4&#8243; _builder_version=\u00bb4.14.2&#8243; _module_preset=\u00bbdefault\u00bb global_colors_info=\u00bb{}\u00bb][et_pb_image src=\u00bbhttp:\/\/naturalrealfood.com\/wp-content\/uploads\/2024\/07\/Mesa-de-trabajo-31-copia-5@0.5x-100.jpg\u00bb title_text=\u00bbMesa de trabajo 31 copia 5@0.5x-100&#8243; url=\u00bbhttp:\/\/naturalrealfood.com\/wp-content\/uploads\/2025\/06\/BEBIDAS-ESP-2025.pdf\u00bb url_new_window=\u00bbon\u00bb _builder_version=\u00bb4.14.2&#8243; _module_preset=\u00bbdefault\u00bb global_colors_info=\u00bb{}\u00bb][\/et_pb_image][\/et_pb_column][et_pb_column type=\u00bb1_4&#8243; _builder_version=\u00bb4.14.2&#8243; _module_preset=\u00bbdefault\u00bb global_colors_info=\u00bb{}\u00bb][et_pb_image src=\u00bbhttp:\/\/naturalrealfood.com\/wp-content\/uploads\/2024\/07\/Mesa-de-trabajo-31-copia-8@0.5x-100.jpg\u00bb title_text=\u00bbMesa de trabajo 31 copia 8@0.5x-100&#8243; url=\u00bbhttp:\/\/naturalrealfood.com\/wp-content\/uploads\/2025\/06\/NINOS-ALERGENOS-2025.pdf\u00bb url_new_window=\u00bbon\u00bb _builder_version=\u00bb4.14.2&#8243; _module_preset=\u00bbdefault\u00bb global_colors_info=\u00bb{}\u00bb][\/et_pb_image][\/et_pb_column][et_pb_column type=\u00bb1_4&#8243; _builder_version=\u00bb4.14.2&#8243; _module_preset=\u00bbdefault\u00bb global_colors_info=\u00bb{}\u00bb][et_pb_image src=\u00bbhttp:\/\/naturalrealfood.com\/wp-content\/uploads\/2024\/07\/Mesa-de-trabajo-31-copia-4@0.5x-100.jpg\u00bb title_text=\u00bbMesa de trabajo 31 copia 4@0.5x-100&#8243; url=\u00bbhttp:\/\/naturalrealfood.com\/wp-content\/uploads\/2025\/06\/BEBIDAS-ENG-2025.pdf\u00bb url_new_window=\u00bbon\u00bb _builder_version=\u00bb4.14.2&#8243; _module_preset=\u00bbdefault\u00bb global_colors_info=\u00bb{}\u00bb][\/et_pb_image][\/et_pb_column][et_pb_column type=\u00bb1_4&#8243; _builder_version=\u00bb4.14.2&#8243; _module_preset=\u00bbdefault\u00bb global_colors_info=\u00bb{}\u00bb][et_pb_image src=\u00bbhttp:\/\/naturalrealfood.com\/wp-content\/uploads\/2024\/07\/Mesa-de-trabajo-31-copia-7@0.5x-100.jpg\u00bb title_text=\u00bbMesa de trabajo 31 copia 7@0.5x-100&#8243; url=\u00bbhttp:\/\/naturalrealfood.com\/wp-content\/uploads\/2025\/06\/CHILDREN-ALERGENOS-2025.pdf\u00bb url_new_window=\u00bbon\u00bb _builder_version=\u00bb4.14.2&#8243; _module_preset=\u00bbdefault\u00bb global_colors_info=\u00bb{}\u00bb][\/et_pb_image][\/et_pb_column][\/et_pb_row][et_pb_row _builder_version=\u00bb4.14.2&#8243; _module_preset=\u00bbdefault\u00bb global_colors_info=\u00bb{}\u00bb][et_pb_column type=\u00bb4_4&#8243; _builder_version=\u00bb4.14.2&#8243; _module_preset=\u00bbdefault\u00bb global_colors_info=\u00bb{}\u00bb][et_pb_image src=\u00bbhttp:\/\/naturalrealfood.com\/wp-content\/uploads\/2021\/12\/NATURAL-platos-septiembre-2021.jpg\u00bb title_text=\u00bbNATURAL-platos-septiembre-2021&#8243; _builder_version=\u00bb4.14.2&#8243; _module_preset=\u00bbdefault\u00bb global_colors_info=\u00bb{}\u00bb][\/et_pb_image][\/et_pb_column][\/et_pb_row][et_pb_row _builder_version=\u00bb4.14.2&#8243; _module_preset=\u00bbdefault\u00bb global_colors_info=\u00bb{}\u00bb][et_pb_column type=\u00bb4_4&#8243; _builder_version=\u00bb4.14.2&#8243; _module_preset=\u00bbdefault\u00bb global_colors_info=\u00bb{}\u00bb][et_pb_image src=\u00bbhttp:\/\/naturalrealfood.com\/wp-content\/uploads\/2023\/03\/natural-13-scaled.jpg\u00bb title_text=\u00bbnatural-13&#8243; _builder_version=\u00bb4.14.2&#8243; _module_preset=\u00bbdefault\u00bb global_colors_info=\u00bb{}\u00bb][\/et_pb_image][\/et_pb_column][\/et_pb_row][et_pb_row _builder_version=\u00bb4.14.2&#8243; _module_preset=\u00bbdefault\u00bb global_colors_info=\u00bb{}\u00bb][et_pb_column type=\u00bb4_4&#8243; _builder_version=\u00bb4.14.2&#8243; _module_preset=\u00bbdefault\u00bb global_colors_info=\u00bb{}\u00bb][et_pb_image src=\u00bbhttp:\/\/naturalrealfood.com\/wp-content\/uploads\/2023\/03\/natural-14-scaled.jpg\u00bb title_text=\u00bbnatural-14&#8243; _builder_version=\u00bb4.14.2&#8243; _module_preset=\u00bbdefault\u00bb global_colors_info=\u00bb{}\u00bb][\/et_pb_image][\/et_pb_column][\/et_pb_row][et_pb_row _builder_version=\u00bb4.14.2&#8243; _module_preset=\u00bbdefault\u00bb global_colors_info=\u00bb{}\u00bb][et_pb_column type=\u00bb4_4&#8243; _builder_version=\u00bb4.14.2&#8243; _module_preset=\u00bbdefault\u00bb global_colors_info=\u00bb{}\u00bb][et_pb_image src=\u00bbhttp:\/\/naturalrealfood.com\/wp-content\/uploads\/2021\/12\/IMG_8513-Editar.jpg\u00bb title_text=\u00bbIMG_8513-Editar\u00bb _builder_version=\u00bb4.14.2&#8243; _module_preset=\u00bbdefault\u00bb global_colors_info=\u00bb{}\u00bb][\/et_pb_image][\/et_pb_column][\/et_pb_row][et_pb_row _builder_version=\u00bb4.14.2&#8243; _module_preset=\u00bbdefault\u00bb custom_margin=\u00bb0px||||false|false\u00bb custom_padding=\u00bb0px||||false|false\u00bb global_colors_info=\u00bb{}\u00bb][et_pb_column type=\u00bb4_4&#8243; _builder_version=\u00bb4.14.2&#8243; _module_preset=\u00bbdefault\u00bb global_colors_info=\u00bb{}\u00bb][et_pb_image src=\u00bbhttp:\/\/naturalrealfood.com\/wp-content\/uploads\/2021\/12\/logoN-150&#215;150-1.png\u00bb title_text=\u00bblogoN-150&#215;150&#8243; align=\u00bbcenter\u00bb _builder_version=\u00bb4.14.2&#8243; _module_preset=\u00bbdefault\u00bb custom_margin=\u00bb||||false|false\u00bb custom_padding=\u00bb||||false|false\u00bb global_colors_info=\u00bb{}\u00bb][\/et_pb_image][\/et_pb_column][\/et_pb_row][et_pb_row _builder_version=\u00bb4.14.2&#8243; _module_preset=\u00bbdefault\u00bb custom_margin=\u00bb-26px||||false|false\u00bb global_colors_info=\u00bb{}\u00bb][et_pb_column type=\u00bb4_4&#8243; _builder_version=\u00bb4.14.2&#8243; _module_preset=\u00bbdefault\u00bb global_colors_info=\u00bb{}\u00bb][et_pb_text _builder_version=\u00bb4.14.2&#8243; _module_preset=\u00bbdefault\u00bb text_font=\u00bbMerriweather||||||||\u00bb text_text_color=\u00bb#000000&#8243; text_line_height=\u00bb1em\u00bb text_orientation=\u00bbcenter\u00bb custom_padding=\u00bb1px|||||\u00bb global_colors_info=\u00bb{}\u00bb]<\/p>\n<p><strong>Calle Maestro Jos\u00e9 Garberi n\u00ba5 local 1 <\/strong><\/p>\n<p><strong>Pau 5 &#8211; Playa de San Juan Alicante 03540<\/strong><\/p>\n<p>&nbsp;<\/p>\n<p>[\/et_pb_text][et_pb_text _builder_version=\u00bb4.14.2&#8243; _module_preset=\u00bbdefault\u00bb text_orientation=\u00bbcenter\u00bb global_colors_info=\u00bb{}\u00bb]<\/p>\n<h1><strong>966 509 755<\/strong><\/h1>\n<p>[\/et_pb_text][\/et_pb_column][\/et_pb_row][et_pb_row _builder_version=\u00bb4.14.2&#8243; _module_preset=\u00bbdefault\u00bb global_colors_info=\u00bb{}\u00bb][et_pb_column type=\u00bb4_4&#8243; _builder_version=\u00bb4.14.2&#8243; _module_preset=\u00bbdefault\u00bb global_colors_info=\u00bb{}\u00bb][et_pb_code _builder_version=\u00bb4.14.2&#8243; _module_preset=\u00bbdefault\u00bb text_orientation=\u00bbcenter\u00bb global_colors_info=\u00bb{}\u00bb]<iframe src=\"https:\/\/www.google.com\/maps\/embed?pb=!1m18!1m12!1m3!1d3127.605141740849!2d-0.4154614852974204!3d38.38125497965354!2m3!1f0!2f0!3f0!3m2!1i1024!2i768!4f13.1!3m3!1m2!1s0xd6239c1bda16edb%3A0x7ca26a22235eb6b9!2sNatural%20real%20food!5e0!3m2!1ses!2ses!4v1639483494755!5m2!1ses!2ses\" width=\"1920\" height=\"1080\" style=\"border:0;\" allowfullscreen=\"\" loading=\"lazy\"><\/iframe>[\/et_pb_code][\/et_pb_column][\/et_pb_row][et_pb_row column_structure=\u00bb1_3,1_3,1_3&#8243; _builder_version=\u00bb4.14.2&#8243; _module_preset=\u00bbdefault\u00bb global_colors_info=\u00bb{}\u00bb][et_pb_column type=\u00bb1_3&#8243; _builder_version=\u00bb4.14.2&#8243; _module_preset=\u00bbdefault\u00bb global_colors_info=\u00bb{}\u00bb][\/et_pb_column][et_pb_column type=\u00bb1_3&#8243; _builder_version=\u00bb4.14.2&#8243; _module_preset=\u00bbdefault\u00bb global_colors_info=\u00bb{}\u00bb][et_pb_image src=\u00bbhttp:\/\/naturalrealfood.com\/wp-content\/uploads\/2021\/12\/logo-150&#215;150-1.png\u00bb title_text=\u00bblogo-150&#215;150&#8243; align=\u00bbcenter\u00bb _builder_version=\u00bb4.14.2&#8243; _module_preset=\u00bbdefault\u00bb global_colors_info=\u00bb{}\u00bb][\/et_pb_image][\/et_pb_column][et_pb_column type=\u00bb1_3&#8243; _builder_version=\u00bb4.14.2&#8243; _module_preset=\u00bbdefault\u00bb global_colors_info=\u00bb{}\u00bb][et_pb_text _builder_version=\u00bb4.14.2&#8243; _module_preset=\u00bbdefault\u00bb text_font=\u00bbMontserrat||||||||\u00bb custom_margin=\u00bb66px||||false|false\u00bb link_option_url=\u00bbnaturalrealfood.com\/legal\u00bb link_option_url_new_window=\u00bbon\u00bb global_colors_info=\u00bb{}\u00bb]<\/p>\n<h2><a href=\"https:\/\/naturalrealfood.com\/?page_id=152\"><em><strong><a href=\"https:\/\/naturalrealfood.com\/?page_id=152\" target=\"_blank\" rel=\"noopener\" title=\"Legal\">Legal<\/a><\/strong><\/em><\/a><\/h2>\n<p>[\/et_pb_text][\/et_pb_column][\/et_pb_row][\/et_pb_section][et_pb_section fb_built=\u00bb1&#8243; fullwidth=\u00bbon\u00bb _builder_version=\u00bb4.14.2&#8243; _module_preset=\u00bbdefault\u00bb global_colors_info=\u00bb{}\u00bb][et_pb_fullwidth_image src=\u00bbhttp:\/\/naturalrealfood.com\/wp-content\/uploads\/2026\/02\/CARTEL-THAUMA-SERVICIOS-HOSTELEROS-S.L.jpg\u00bb title_text=\u00bbCARTEL-THAUMA,-SERVICIOS-HOSTELEROS,-S.L.\u00bb _builder_version=\u00bb4.14.2&#8243; _module_preset=\u00bbdefault\u00bb background_color=\u00bbRGBA(255,255,255,0)\u00bb width=\u00bb40%\u00bb module_alignment=\u00bbcenter\u00bb hover_enabled=\u00bb0&#8243; global_colors_info=\u00bb{}\u00bb sticky_enabled=\u00bb0&#8243;][\/et_pb_fullwidth_image][\/et_pb_section]<\/p>\n","protected":false},"excerpt":{"rendered":"<p>Elaboramos nuestra carta con alimentos reales, sin aditivos, aut\u00f3ctonos y de temporada, para aprovechar al m\u00e1ximo su potencial.Prueba uno de los mejores desayunos de Alicante, de forma saludable y divertida.Elaboramos dulces real food cada d\u00eda y sin gluten EN CASO DE NO RECIBIR EMAIL DE CONFIRMACI\u00d3N, REVISE SU BANDEJA DE SPAM Una vez solicitada su [&hellip;]<\/p>\n","protected":false},"author":2,"featured_media":0,"parent":0,"menu_order":0,"comment_status":"closed","ping_status":"closed","template":"page-template-blank.php","meta":{"_et_pb_use_builder":"on","_et_pb_old_content":"","_et_gb_content_width":"","footnotes":""},"class_list":["post-53","page","type-page","status-publish","hentry"],"_links":{"self":[{"href":"https:\/\/naturalrealfood.com\/index.php?rest_route=\/wp\/v2\/pages\/53","targetHints":{"allow":["GET"]}}],"collection":[{"href":"https:\/\/naturalrealfood.com\/index.php?rest_route=\/wp\/v2\/pages"}],"about":[{"href":"https:\/\/naturalrealfood.com\/index.php?rest_route=\/wp\/v2\/types\/page"}],"author":[{"embeddable":true,"href":"https:\/\/naturalrealfood.com\/index.php?rest_route=\/wp\/v2\/users\/2"}],"replies":[{"embeddable":true,"href":"https:\/\/naturalrealfood.com\/index.php?rest_route=%2Fwp%2Fv2%2Fcomments&post=53"}],"version-history":[{"count":96,"href":"https:\/\/naturalrealfood.com\/index.php?rest_route=\/wp\/v2\/pages\/53\/revisions"}],"predecessor-version":[{"id":4784,"href":"https:\/\/naturalrealfood.com\/index.php?rest_route=\/wp\/v2\/pages\/53\/revisions\/4784"}],"wp:attachment":[{"href":"https:\/\/naturalrealfood.com\/index.php?rest_route=%2Fwp%2Fv2%2Fmedia&parent=53"}],"curies":[{"name":"wp","href":"https:\/\/api.w.org\/{rel}","templated":true}]}}